{"id":20,"date":"2006-02-12T21:27:09","date_gmt":"2006-02-12T20:27:09","guid":{"rendered":"http:\/\/blog.yumachi.de\/?page_id=16"},"modified":"2006-02-12T21:27:09","modified_gmt":"2006-02-12T20:27:09","slug":"haftungsausschluss","status":"publish","type":"page","link":"https:\/\/blog.yumachi.de\/?page_id=20","title":{"rendered":"Haftungsausschluss"},"content":{"rendered":"<p>1. Inhalt des Onlineangebotes<\/p>\n<p>Der Autor \u00fcbernimmt keinerlei Gew\u00e4hr f\u00fcr die<br \/>\nAktualit\u00e4t, Korrektheit, Vollst\u00e4ndigkeit oder<br \/>\nQualit\u00e4t der bereitgestellten Informationen.<br \/>\nHaftungsanspr\u00fcche gegen den Autor, welche sich auf<br \/>\nSch\u00e4den materieller oder ideeller Art beziehen, die durch die<br \/>\nNutzung oder Nichtnutzung der dargebotenen Informationen bzw. durch die<br \/>\nNutzung fehlerhafter und unvollst\u00e4ndiger Informationen<br \/>\nverursacht wurden, sind grunds\u00e4tzlich ausgeschlossen, sofern<br \/>\nseitens des Autors kein nachweislich vors\u00e4tzliches oder grob<br \/>\nfahrl\u00e4ssiges Verschulden vorliegt. Sie stimmen hiermit<br \/>\nausdr\u00fccklich zu, da\u00df Sie alleine das Risiko einer<br \/>\nNutzung dieserSeite tragen. Sie wird Ihnen wie vorhanden und wie<br \/>\nverf\u00fcgbar zur Verf\u00fcgung gestellt, ohne jegliche<br \/>\nausdr\u00fcckliche oder stillschweigende bzw. von Gesetzes wegen<br \/>\nvorgesehene Gew\u00e4hrleitung oder Garantie, und insbesondere<br \/>\nunter Ausschluss jeglicher Gew\u00e4hrleistung der allgemeinen<br \/>\nGebrauchstauglichkeit oder der Eignung zu einem bestimmten Zweck. Alle<br \/>\nAngaben sind freibleibend und unverbindlich. Der Autor beh\u00e4lt<br \/>\nes sich ausdr\u00fccklich vor, Teile der Seiten oder das gesamte<br \/>\nAngebot ohne gesonderte Ank\u00fcndigung zu ver\u00e4ndern, zu<br \/>\nerg\u00e4nzen, zu l\u00f6schen oder die<br \/>\nVer\u00f6ffentlichung zeitweise oder endg\u00fcltig<br \/>\neinzustellen. DA EINIGE STAATEN ODER RECHTSSYSTEME KEINEN<br \/>\nHAFTUNGSAUSSCHLUSS ODER KEINE BESCHR\u00c4NKUNG DER HAFTUNG IM<br \/>\nVORSTEHEND BESCHRIEBENEN UMFANG GESTATTEN, GELTEN DIE VORSTEHEND<br \/>\nBESCHRIEBENEN BESCHR\u00c4NKUNGEN NUR SOWEIT NACH LOKAL ANWENDBAREM<br \/>\nRECHT ZUL\u00c4SSIG<\/p>\n<p>2. Verweise und Links<\/p>\n<p>Bei direkten oder indirekten Verweisen auf fremde Internetseiten<br \/>\n(\u201dLinks\u201d), die au\u00dferhalb des Verantwortungsbereiches des<br \/>\nAutors liegen, w\u00fcrde eine Haftungsverpflichtung<br \/>\nausschlie\u00dflich in dem Fall in Kraft treten, in dem der Autor<br \/>\nvon den Inhalten Kenntnis hat und es ihm technisch m\u00f6glich und<br \/>\nzumutbar w\u00e4re, die Nutzung im Falle rechtswidriger Inhalte zu<br \/>\nverhindern. Der Autor erkl\u00e4rt hiermit ausdr\u00fccklich,<br \/>\ndass zum Zeitpunkt der Linksetzung keine illegalen Inhalte auf den zu<br \/>\nverlinkenden Seiten erkennbar waren. Auf die aktuelle und<br \/>\nzuk\u00fcnftige Gestaltung, die Inhalte oder die Urheberschaft der<br \/>\ngelinkten\/verkn\u00fcpften Seiten hat der Autor keinerlei Einfluss.<br \/>\nDeshalb distanziert er sich hiermit ausdr\u00fccklich von allen<br \/>\nInhalten aller gelinkten \/verkn\u00fcpften Seiten, die nach der<br \/>\nLinksetzung ver\u00e4ndert wurden. Diese Feststellung gilt<br \/>\nf\u00fcr alle innerhalb des eigenen Internetangebotes gesetzten<br \/>\nLinks und Verweise sowie f\u00fcr Fremdeintr\u00e4ge in vom<br \/>\nAutor eingerichteten G\u00e4steb\u00fcchern, Diskussionsforen<br \/>\nund Mailinglisten. F\u00fcr illegale, fehlerhafte oder<br \/>\nunvollst\u00e4ndige Inhalte und insbesondere f\u00fcr<br \/>\nSch\u00e4den, die aus der Nutzung oder Nichtnutzung solcherart<br \/>\ndargebotener Informationen entstehen, haftet allein der Anbieter der<br \/>\nSeite, auf welche verwiesen wurde, nicht derjenige, der \u00fcber<br \/>\nLinks auf die jeweilige Ver\u00f6ffentlichung lediglich verweist.<\/p>\n<p>3. Urheber- und Kennzeichenrecht<\/p>\n<p>Der Autor ist bestrebt, in allen Publikationen die Urheberrechte der verwendeten<br \/>\nGrafiken, Tondokumente, Videosequenzen und Texte zu beachten, von ihm<br \/>\nselbst erstellte Grafiken, Tondokumente, Videosequenzen und Texte zu<br \/>\nnutzen oder auf lizenzfreie Grafiken, Tondokumente, Videosequenzen und<br \/>\nTexte zur\u00fcckzugreifen. Alle innerhalb des Internetangebotes<br \/>\ngenannten und ggf. durch Dritte gesch\u00fctzten Marken- und<br \/>\nWarenzeichen unterliegen uneingeschr\u00e4nkt den Bestimmungen des<br \/>\njeweils g\u00fcltigen Kennzeichenrechts und den Besitzrechten der<br \/>\njeweiligen eingetragenen Eigent\u00fcmer. Allein aufgrund der<br \/>\nblo\u00dfen Nennung ist nicht der Schlu\u00df zu ziehen, dass<br \/>\nMarkenzeichen nicht durch Rechte Dritter gesch\u00fctzt sind! Das<br \/>\nCopyright f\u00fcr ver\u00f6ffentlichte, vom Autor selbst<br \/>\nerstellte Objekte bleibt allein beim Autor der Seiten. Eine<br \/>\nVervielf\u00e4ltigung oder Verwendung solcher Grafiken,<br \/>\nTondokumente, Videosequenzen und Texte in anderen elektronischen oder<br \/>\ngedruckten Publikationen ist ohne ausdr\u00fcckliche Zustimmung des<br \/>\nAutors nicht gestattet.<\/p>\n<p>4. Internet-Sicherheit<\/p>\n<p>Der Autor \u00fcbernimmt keinerlei Garantie oder Gew\u00e4hr<br \/>\ndaf\u00fcr, da\u00df Inhalte, Daten, Software oder anderes<br \/>\nMaterial, auf das \u00fcber diese Seite zugegriffen werden kann,<br \/>\nfrei von \u201cViren\u201d, \u201cW\u00fcrmern\u201d, \u201cTrojanern\u201d oder anderen<br \/>\ngef\u00e4hrlichen Komponenten ist.<\/p>\n<p>5. Rechtswirksamkeit dieses Haftungsausschlusses<\/p>\n<p>Dieser Haftungsausschluss ist als Teil des Internetangebotes zu<br \/>\nbetrachten, von dem aus auf diese Seite verwiesen wurde. Sofern Teile<br \/>\noder einzelne Formulierungen dieses Textes der geltenden Rechtslage<br \/>\nnicht, nicht mehr oder nicht vollst\u00e4ndig entsprechen sollten,<br \/>\nbleiben die \u00fcbrigen Teile des Dokumentes in ihrem Inhalt und<br \/>\nihrer G\u00fcltigkeit davon unber\u00fchrt.<\/p>\n","protected":false},"excerpt":{"rendered":"<p>1. Inhalt des Onlineangebotes Der Autor \u00fcbernimmt keinerlei Gew\u00e4hr f\u00fcr die Aktualit\u00e4t, Korrektheit, Vollst\u00e4ndigkeit oder Qualit\u00e4t der bereitgestellten Informationen. Haftungsanspr\u00fcche gegen den Autor, welche sich auf Sch\u00e4den materieller oder ideeller Art beziehen, die durch die Nutzung oder Nichtnutzung der dargebotenen Informationen bzw. durch die Nutzung fehlerhafter und unvollst\u00e4ndiger Informationen verursacht wurden, sind grunds\u00e4tzlich ausgeschlossen, sofern [&hellip;]<\/p>\n","protected":false},"author":1,"featured_media":0,"parent":0,"menu_order":0,"comment_status":"closed","ping_status":"open","template":"","meta":{"footnotes":""},"class_list":["post-20","page","type-page","status-publish","hentry"],"_links":{"self":[{"href":"https:\/\/blog.yumachi.de\/index.php?rest_route=\/wp\/v2\/pages\/20","targetHints":{"allow":["GET"]}}],"collection":[{"href":"https:\/\/blog.yumachi.de\/index.php?rest_route=\/wp\/v2\/pages"}],"about":[{"href":"https:\/\/blog.yumachi.de\/index.php?rest_route=\/wp\/v2\/types\/page"}],"author":[{"embeddable":true,"href":"https:\/\/blog.yumachi.de\/index.php?rest_route=\/wp\/v2\/users\/1"}],"replies":[{"embeddable":true,"href":"https:\/\/blog.yumachi.de\/index.php?rest_route=%2Fwp%2Fv2%2Fcomments&post=20"}],"version-history":[{"count":0,"href":"https:\/\/blog.yumachi.de\/index.php?rest_route=\/wp\/v2\/pages\/20\/revisions"}],"wp:attachment":[{"href":"https:\/\/blog.yumachi.de\/index.php?rest_route=%2Fwp%2Fv2%2Fmedia&parent=20"}],"curies":[{"name":"wp","href":"https:\/\/api.w.org\/{rel}","templated":true}]}}